{"id":14,"date":"2025-02-12T14:46:47","date_gmt":"2025-02-12T19:46:47","guid":{"rendered":"https:\/\/rosec.cfpmr-infographie.com\/northface\/?page_id=14"},"modified":"2025-02-17T13:02:22","modified_gmt":"2025-02-17T18:02:22","slug":"accueil","status":"publish","type":"page","link":"https:\/\/rosec.cfpmr-infographie.com\/northface\/","title":{"rendered":"Accueil"},"content":{"rendered":"\t\t<div data-elementor-type=\"wp-page\" data-elementor-id=\"14\" class=\"elementor elementor-14\">\n\t\t\t\t\t\t<section class=\"elementor-section elementor-top-section elementor-element elementor-element-a322e4b elementor-section-boxed elementor-section-height-default elementor-section-height-default\" data-id=\"a322e4b\" data-element_type=\"section\">\n\t\t\t\t\t\t<div class=\"elementor-container elementor-column-gap-default\">\n\t\t\t\t\t<div class=\"elementor-column elementor-col-33 elementor-top-column elementor-element elementor-element-2919026\" data-id=\"2919026\" data-element_type=\"column\">\n\t\t\t<div class=\"elementor-widget-wrap elementor-element-populated\">\n\t\t\t\t\t\t<div class=\"elementor-element elementor-element-0edd2e0 elementor-position-top elementor-widget elementor-widget-image-box\" data-id=\"0edd2e0\" data-element_type=\"widget\" data-widget_type=\"image-box.default\">\n\t\t\t\t<div class=\"elementor-widget-container\">\n\t\t\t\t\t<div class=\"elementor-image-box-wrapper\"><figure class=\"elementor-image-box-img\"><img fetchpriority=\"high\" decoding=\"async\" width=\"370\" height=\"370\" src=\"https:\/\/rosec.cfpmr-infographie.com\/northface\/wp-content\/uploads\/2025\/02\/camping-1.jpg\" class=\"attachment-full size-full wp-image-115\" alt=\"\" srcset=\"https:\/\/rosec.cfpmr-infographie.com\/northface\/wp-content\/uploads\/2025\/02\/camping-1.jpg 370w, https:\/\/rosec.cfpmr-infographie.com\/northface\/wp-content\/uploads\/2025\/02\/camping-1-300x300.jpg 300w, https:\/\/rosec.cfpmr-infographie.com\/northface\/wp-content\/uploads\/2025\/02\/camping-1-150x150.jpg 150w\" sizes=\"(max-width: 370px) 100vw, 370px\" \/><\/figure><div class=\"elementor-image-box-content\"><h2 class=\"elementor-image-box-title\">Camping<\/h2><p class=\"elementor-image-box-description\">Pr\u00e9parez votre prochain voyage de camping en vous procurant les meilleures tentes, sacs de couchage et sacs \u00e0 dos.<\/p><\/div><\/div>\t\t\t\t<\/div>\n\t\t\t\t<\/div>\n\t\t\t\t\t<\/div>\n\t\t<\/div>\n\t\t\t\t<div class=\"elementor-column elementor-col-33 elementor-top-column elementor-element elementor-element-b4fb2ea\" data-id=\"b4fb2ea\" data-element_type=\"column\">\n\t\t\t<div class=\"elementor-widget-wrap elementor-element-populated\">\n\t\t\t\t\t\t<div class=\"elementor-element elementor-element-6cb3a33 elementor-position-top elementor-widget elementor-widget-image-box\" data-id=\"6cb3a33\" data-element_type=\"widget\" data-widget_type=\"image-box.default\">\n\t\t\t\t<div class=\"elementor-widget-container\">\n\t\t\t\t\t<div class=\"elementor-image-box-wrapper\"><figure class=\"elementor-image-box-img\"><img decoding=\"async\" width=\"370\" height=\"370\" src=\"https:\/\/rosec.cfpmr-infographie.com\/northface\/wp-content\/uploads\/2025\/02\/randonee.jpg\" class=\"attachment-full size-full wp-image-122\" alt=\"\" srcset=\"https:\/\/rosec.cfpmr-infographie.com\/northface\/wp-content\/uploads\/2025\/02\/randonee.jpg 370w, https:\/\/rosec.cfpmr-infographie.com\/northface\/wp-content\/uploads\/2025\/02\/randonee-300x300.jpg 300w, https:\/\/rosec.cfpmr-infographie.com\/northface\/wp-content\/uploads\/2025\/02\/randonee-150x150.jpg 150w\" sizes=\"(max-width: 370px) 100vw, 370px\" \/><\/figure><div class=\"elementor-image-box-content\"><h2 class=\"elementor-image-box-title\">Randonn\u00e9e<\/h2><p class=\"elementor-image-box-description\">Ne soyez pas pris au d\u00e9pourvu pour vos randonn\u00e9es. Bottes de randonn\u00e9e, v\u00eatements en laine de m\u00e9rinos, sacs \u00e0 dos pour le plein air.<\/p><\/div><\/div>\t\t\t\t<\/div>\n\t\t\t\t<\/div>\n\t\t\t\t\t<\/div>\n\t\t<\/div>\n\t\t\t\t<div class=\"elementor-column elementor-col-33 elementor-top-column elementor-element elementor-element-2268c92\" data-id=\"2268c92\" data-element_type=\"column\">\n\t\t\t<div class=\"elementor-widget-wrap elementor-element-populated\">\n\t\t\t\t\t\t<div class=\"elementor-element elementor-element-a2d5513 elementor-position-top elementor-widget elementor-widget-image-box\" data-id=\"a2d5513\" data-element_type=\"widget\" data-widget_type=\"image-box.default\">\n\t\t\t\t<div class=\"elementor-widget-container\">\n\t\t\t\t\t<div class=\"elementor-image-box-wrapper\"><figure class=\"elementor-image-box-img\"><img decoding=\"async\" width=\"370\" height=\"370\" src=\"https:\/\/rosec.cfpmr-infographie.com\/northface\/wp-content\/uploads\/2025\/02\/escalade.jpg\" class=\"attachment-full size-full wp-image-117\" alt=\"\" srcset=\"https:\/\/rosec.cfpmr-infographie.com\/northface\/wp-content\/uploads\/2025\/02\/escalade.jpg 370w, https:\/\/rosec.cfpmr-infographie.com\/northface\/wp-content\/uploads\/2025\/02\/escalade-300x300.jpg 300w, https:\/\/rosec.cfpmr-infographie.com\/northface\/wp-content\/uploads\/2025\/02\/escalade-150x150.jpg 150w\" sizes=\"(max-width: 370px) 100vw, 370px\" \/><\/figure><div class=\"elementor-image-box-content\"><h2 class=\"elementor-image-box-title\">Escalade <\/h2><p class=\"elementor-image-box-description\">D\u00e9couvrez notre tr\u00e8s grande s\u00e9lection d'\u00e9quipements d'escalade, dont des chaussons, des gants ainsi qu\u2019un vaste \u00e9ventail de harnais.<\/p><\/div><\/div>\t\t\t\t<\/div>\n\t\t\t\t<\/div>\n\t\t\t\t\t<\/div>\n\t\t<\/div>\n\t\t\t\t\t<\/div>\n\t\t<\/section>\n\t\t\t\t<section class=\"elementor-section elementor-top-section elementor-element elementor-element-924cee3 elementor-section-full_width elementor-section-height-min-height elementor-section-height-default elementor-section-items-middle\" data-id=\"924cee3\" data-element_type=\"section\" data-settings=\"{&quot;background_background&quot;:&quot;classic&quot;}\">\n\t\t\t\t\t\t<div class=\"elementor-container elementor-column-gap-default\">\n\t\t\t\t\t<div class=\"elementor-column elementor-col-100 elementor-top-column elementor-element elementor-element-d5965b3\" data-id=\"d5965b3\" data-element_type=\"column\" data-settings=\"{&quot;background_background&quot;:&quot;classic&quot;}\">\n\t\t\t<div class=\"elementor-widget-wrap elementor-element-populated\">\n\t\t\t\t\t\t<div class=\"elementor-element elementor-element-62fa5aa elementor-widget elementor-widget-image\" data-id=\"62fa5aa\" data-element_type=\"widget\" data-widget_type=\"image.default\">\n\t\t\t\t<div class=\"elementor-widget-container\">\n\t\t\t\t\t\t\t\t\t\t\t\t\t\t\t<img loading=\"lazy\" decoding=\"async\" width=\"300\" height=\"120\" src=\"https:\/\/rosec.cfpmr-infographie.com\/northface\/wp-content\/uploads\/2025\/02\/icone_rabais.png\" class=\"attachment-full size-full wp-image-118\" alt=\"\" \/>\t\t\t\t\t\t\t\t\t\t\t\t\t\t\t<\/div>\n\t\t\t\t<\/div>\n\t\t\t\t<div class=\"elementor-element elementor-element-e5e0ac3 elementor-widget elementor-widget-heading\" data-id=\"e5e0ac3\" data-element_type=\"widget\" data-widget_type=\"heading.default\">\n\t\t\t\t<div class=\"elementor-widget-container\">\n\t\t\t\t\t<h3 class=\"elementor-heading-title elementor-size-default\">Profitez des rabais exclusifs en ligne<\/h3>\t\t\t\t<\/div>\n\t\t\t\t<\/div>\n\t\t\t\t\t<\/div>\n\t\t<\/div>\n\t\t\t\t\t<\/div>\n\t\t<\/section>\n\t\t\t\t<section class=\"elementor-section elementor-top-section elementor-element elementor-element-7d35d21 elementor-section-boxed elementor-section-height-default elementor-section-height-default\" data-id=\"7d35d21\" data-element_type=\"section\">\n\t\t\t\t\t\t<div class=\"elementor-container elementor-column-gap-default\">\n\t\t\t\t\t<div class=\"elementor-column elementor-col-50 elementor-top-column elementor-element elementor-element-dff7018\" data-id=\"dff7018\" data-element_type=\"column\">\n\t\t\t<div class=\"elementor-widget-wrap elementor-element-populated\">\n\t\t\t\t\t\t<section class=\"elementor-section elementor-inner-section elementor-element elementor-element-90389cc elementor-section-boxed elementor-section-height-default elementor-section-height-default\" data-id=\"90389cc\" data-element_type=\"section\">\n\t\t\t\t\t\t<div class=\"elementor-container elementor-column-gap-default\">\n\t\t\t\t\t<div class=\"elementor-column elementor-col-50 elementor-inner-column elementor-element elementor-element-b13c0bb\" data-id=\"b13c0bb\" data-element_type=\"column\">\n\t\t\t<div class=\"elementor-widget-wrap elementor-element-populated\">\n\t\t\t\t\t\t<div class=\"elementor-element elementor-element-a580540 elementor-widget elementor-widget-image\" data-id=\"a580540\" data-element_type=\"widget\" data-widget_type=\"image.default\">\n\t\t\t\t<div class=\"elementor-widget-container\">\n\t\t\t\t\t\t\t\t\t\t\t\t\t\t\t<img loading=\"lazy\" decoding=\"async\" width=\"285\" height=\"267\" src=\"https:\/\/rosec.cfpmr-infographie.com\/northface\/wp-content\/uploads\/2025\/02\/image-femmes.jpg\" class=\"attachment-full size-full wp-image-120\" alt=\"\" \/>\t\t\t\t\t\t\t\t\t\t\t\t\t\t\t<\/div>\n\t\t\t\t<\/div>\n\t\t\t\t\t<\/div>\n\t\t<\/div>\n\t\t\t\t<div class=\"elementor-column elementor-col-50 elementor-inner-column elementor-element elementor-element-7ca157f\" data-id=\"7ca157f\" data-element_type=\"column\" data-settings=\"{&quot;background_background&quot;:&quot;classic&quot;}\">\n\t\t\t<div class=\"elementor-widget-wrap elementor-element-populated\">\n\t\t\t\t\t\t<div class=\"elementor-element elementor-element-2041141 elementor-widget elementor-widget-heading\" data-id=\"2041141\" data-element_type=\"widget\" data-widget_type=\"heading.default\">\n\t\t\t\t<div class=\"elementor-widget-container\">\n\t\t\t\t\t<h4 class=\"elementor-heading-title elementor-size-default\">Femmes<\/h4>\t\t\t\t<\/div>\n\t\t\t\t<\/div>\n\t\t\t\t<div class=\"elementor-element elementor-element-7f20e64 elementor-widget elementor-widget-text-editor\" data-id=\"7f20e64\" data-element_type=\"widget\" data-widget_type=\"text-editor.default\">\n\t\t\t\t<div class=\"elementor-widget-container\">\n\t\t\t\t\t\t\t\t\t<p>Des vestes qui vous tiendront au chaud, peu importe la rigueur du climat<\/p>\t\t\t\t\t\t\t\t<\/div>\n\t\t\t\t<\/div>\n\t\t\t\t\t<\/div>\n\t\t<\/div>\n\t\t\t\t\t<\/div>\n\t\t<\/section>\n\t\t\t\t\t<\/div>\n\t\t<\/div>\n\t\t\t\t<div class=\"elementor-column elementor-col-50 elementor-top-column elementor-element elementor-element-ced33bd\" data-id=\"ced33bd\" data-element_type=\"column\">\n\t\t\t<div class=\"elementor-widget-wrap elementor-element-populated\">\n\t\t\t\t\t\t<section class=\"elementor-section elementor-inner-section elementor-element elementor-element-70a2d71 elementor-section-boxed elementor-section-height-default elementor-section-height-default\" data-id=\"70a2d71\" data-element_type=\"section\">\n\t\t\t\t\t\t<div class=\"elementor-container elementor-column-gap-default\">\n\t\t\t\t\t<div class=\"elementor-column elementor-col-50 elementor-inner-column elementor-element elementor-element-8ce21d9\" data-id=\"8ce21d9\" data-element_type=\"column\">\n\t\t\t<div class=\"elementor-widget-wrap elementor-element-populated\">\n\t\t\t\t\t\t<div class=\"elementor-element elementor-element-1de3a5c elementor-widget elementor-widget-image\" data-id=\"1de3a5c\" data-element_type=\"widget\" data-widget_type=\"image.default\">\n\t\t\t\t<div class=\"elementor-widget-container\">\n\t\t\t\t\t\t\t\t\t\t\t\t\t\t\t<img loading=\"lazy\" decoding=\"async\" width=\"285\" height=\"267\" src=\"https:\/\/rosec.cfpmr-infographie.com\/northface\/wp-content\/uploads\/2025\/02\/image-enfants.jpg\" class=\"attachment-full size-full wp-image-119\" alt=\"\" \/>\t\t\t\t\t\t\t\t\t\t\t\t\t\t\t<\/div>\n\t\t\t\t<\/div>\n\t\t\t\t\t<\/div>\n\t\t<\/div>\n\t\t\t\t<div class=\"elementor-column elementor-col-50 elementor-inner-column elementor-element elementor-element-c0e456a\" data-id=\"c0e456a\" data-element_type=\"column\" data-settings=\"{&quot;background_background&quot;:&quot;classic&quot;}\">\n\t\t\t<div class=\"elementor-widget-wrap elementor-element-populated\">\n\t\t\t\t\t\t<div class=\"elementor-element elementor-element-afca54e elementor-widget elementor-widget-heading\" data-id=\"afca54e\" data-element_type=\"widget\" data-widget_type=\"heading.default\">\n\t\t\t\t<div class=\"elementor-widget-container\">\n\t\t\t\t\t<h4 class=\"elementor-heading-title elementor-size-default\">Enfants\n<\/h4>\t\t\t\t<\/div>\n\t\t\t\t<\/div>\n\t\t\t\t<div class=\"elementor-element elementor-element-298dee8 elementor-widget elementor-widget-text-editor\" data-id=\"298dee8\" data-element_type=\"widget\" data-widget_type=\"text-editor.default\">\n\t\t\t\t<div class=\"elementor-widget-container\">\n\t\t\t\t\t\t\t\t\t<p>Des v\u00eatements pour tenir vos \u00eatres chers au chaud durant toute la saison.<\/p>\t\t\t\t\t\t\t\t<\/div>\n\t\t\t\t<\/div>\n\t\t\t\t\t<\/div>\n\t\t<\/div>\n\t\t\t\t\t<\/div>\n\t\t<\/section>\n\t\t\t\t\t<\/div>\n\t\t<\/div>\n\t\t\t\t\t<\/div>\n\t\t<\/section>\n\t\t\t\t<\/div>\n\t\t","protected":false},"excerpt":{"rendered":"<p>Camping Pr\u00e9parez votre prochain voyage de camping en vous procurant les meilleures tentes, sacs de couchage et sacs \u00e0 dos. Randonn\u00e9e Ne soyez pas pris au d\u00e9pourvu pour vos randonn\u00e9es. Bottes de randonn\u00e9e, v\u00eatements en laine de m\u00e9rinos, sacs \u00e0 dos pour le plein air. Escalade D\u00e9couvrez notre tr\u00e8s grande s\u00e9lection d&rsquo;\u00e9quipements d&rsquo;escalade, dont des [&hellip;]<\/p>\n","protected":false},"author":1,"featured_media":0,"parent":0,"menu_order":0,"comment_status":"closed","ping_status":"closed","template":"elementor_theme","meta":{"footnotes":""},"class_list":["post-14","page","type-page","status-publish","hentry"],"_links":{"self":[{"href":"https:\/\/rosec.cfpmr-infographie.com\/northface\/wp-json\/wp\/v2\/pages\/14","targetHints":{"allow":["GET"]}}],"collection":[{"href":"https:\/\/rosec.cfpmr-infographie.com\/northface\/wp-json\/wp\/v2\/pages"}],"about":[{"href":"https:\/\/rosec.cfpmr-infographie.com\/northface\/wp-json\/wp\/v2\/types\/page"}],"author":[{"embeddable":true,"href":"https:\/\/rosec.cfpmr-infographie.com\/northface\/wp-json\/wp\/v2\/users\/1"}],"replies":[{"embeddable":true,"href":"https:\/\/rosec.cfpmr-infographie.com\/northface\/wp-json\/wp\/v2\/comments?post=14"}],"version-history":[{"count":52,"href":"https:\/\/rosec.cfpmr-infographie.com\/northface\/wp-json\/wp\/v2\/pages\/14\/revisions"}],"predecessor-version":[{"id":164,"href":"https:\/\/rosec.cfpmr-infographie.com\/northface\/wp-json\/wp\/v2\/pages\/14\/revisions\/164"}],"wp:attachment":[{"href":"https:\/\/rosec.cfpmr-infographie.com\/northface\/wp-json\/wp\/v2\/media?parent=14"}],"curies":[{"name":"wp","href":"https:\/\/api.w.org\/{rel}","templated":true}]}}